{"id":3561,"date":"2025-05-28T14:37:12","date_gmt":"2025-05-28T14:37:12","guid":{"rendered":"https:\/\/hyppo.io\/?page_id=3561"},"modified":"2025-07-22T10:04:36","modified_gmt":"2025-07-22T10:04:36","slug":"digital-transformation-solutions","status":"publish","type":"page","link":"https:\/\/hyppo.io\/es\/digital-transformation-solutions\/","title":{"rendered":"Soluciones de transformaci\u00f3n digital"},"content":{"rendered":"<div class=\"gb-container gb-container-66aadb18 alignfull\">\n<div class=\"gb-container gb-container-e99e0968\">\n\n<h2 class=\"gb-headline gb-headline-0550a95e gb-headline-text\">Soluciones de transformaci\u00f3n digital<\/h2>\n\n<\/div>\n<\/div>\n\n<article class=\"gb-container gb-container-816a94e9 alignwide\">\n<div class=\"gb-container gb-container-c2af3289\">\n<div class=\"gb-container gb-container-c3f3ee7a\">\n\n<p>Nuestro enfoque personalizado nos permite desarrollar e implementar <strong>soluciones personalizadas<\/strong> Adaptado a sus necesidades \u00fanicas, objetivos y posici\u00f3n en el mercado.<\/p>\n\n\n\n<p>Realizamos un an\u00e1lisis integral de sus procesos de ventas, infraestructura tecnol\u00f3gica (CRM, CDP, e-commerce, canales de distribuci\u00f3n, etc.) y actividades de marketing digital. <strong>comprensi\u00f3n profunda<\/strong> Nos permite identificar desaf\u00edos y oportunidades, asegurando que su ecosistema digital est\u00e9 completamente alineado y optimizado.<\/p>\n\n<\/div>\n\n<div class=\"gb-container gb-container-dc818d72\">\n<div class=\"wp-block-image\">\n<figure class=\"aligncenter size-medium is-resized\"><img loading=\"lazy\" decoding=\"async\" width=\"226\" height=\"300\" src=\"https:\/\/hyppo.io\/wp-content\/uploads\/2025\/05\/hyppo_logo_image_background-226x300.png\" alt=\"\" class=\"wp-image-3602\" style=\"width:100px\" srcset=\"https:\/\/hyppo.io\/wp-content\/uploads\/2025\/05\/hyppo_logo_image_background-226x300.png 226w, https:\/\/hyppo.io\/wp-content\/uploads\/2025\/05\/hyppo_logo_image_background-9x12.png 9w, https:\/\/hyppo.io\/wp-content\/uploads\/2025\/05\/hyppo_logo_image_background.png 262w\" sizes=\"auto, (max-width: 226px) 100vw, 226px\" \/><\/figure>\n<\/div>\n\n\n<hr class=\"wp-block-separator has-text-color has-base-color has-alpha-channel-opacity has-base-background-color has-background is-style-default\"\/>\n\n\n<div class=\"gb-container gb-container-d2f16a34\">\n\n<div class=\"wp-block-group has-base-2-background-color has-background\" style=\"border-radius:10px;font-size:1rem\" data-aos=\"fade-up\"><div class=\"wp-block-group__inner-container is-layout-constrained wp-block-group-is-layout-constrained\">\n<h3 class=\"gb-headline gb-headline-bae6663d gb-headline-text\"><strong><strong>Eleve la presencia de su marca<\/strong><\/strong><\/h3>\n\n\n\n<p>\u00bfListo para ampliar la visibilidad de tu marca y aumentar tus ingresos directos? El equipo de expertos de Hyppo trabajar\u00e1 contigo para dise\u00f1ar una estrategia digital que impulse tu presencia online y genere m\u00e1s reservas a trav\u00e9s de tus propios canales.<\/p>\n<\/div><\/div>\n\n\n\n<div class=\"wp-block-group has-global-color-10-background-color has-background\" style=\"border-radius:10px;font-size:1rem\" data-aos=\"fade-up\"><div class=\"wp-block-group__inner-container is-layout-constrained wp-block-group-is-layout-constrained\">\n<h3 class=\"gb-headline gb-headline-adce07b4 gb-headline-text\">M\u00e1s all\u00e1 del marketing tradicional<\/h3>\n\n\n\n<p class=\"has-base-2-color has-text-color\">Vamos m\u00e1s all\u00e1 de los servicios de marketing tradicionales, ofreciendo soluciones integrales que abordan las complejidades cambiantes del panorama digital. As\u00f3ciese con Hyppo y desbloquee todo su potencial en el mundo digital.<\/p>\n<\/div><\/div>\n\n\n\n<div class=\"wp-block-group has-orange-light-background-color has-background\" style=\"border-radius:10px;font-size:1rem\" data-aos=\"fade-up\"><div class=\"wp-block-group__inner-container is-layout-constrained wp-block-group-is-layout-constrained\">\n<h3 class=\"gb-headline gb-headline-b94667ce gb-headline-text\">An\u00e1lisis y visualizaci\u00f3n de datos<\/h3>\n\n\n\n<p>Solucionamos toda tu arquitectura de datos y ponemos a tu disposici\u00f3n la informaci\u00f3n de forma sencilla para una mejor toma de decisiones.<\/p>\n<\/div><\/div>\n\n<\/div>\n<\/div>\n<\/div>\n<\/article>\n\n\n<p><\/p>","protected":false},"excerpt":{"rendered":"<p>Soluciones de Transformaci\u00f3n Digital. Nuestro enfoque personalizado nos permite desarrollar e implementar soluciones a medida, adaptadas a sus necesidades, objetivos y posicionamiento en el mercado. Realizamos un an\u00e1lisis exhaustivo de sus... <\/p>\n<p class=\"read-more-container\"><a title=\"Soluciones de transformaci\u00f3n digital\" class=\"read-more button\" href=\"https:\/\/hyppo.io\/es\/digital-transformation-solutions\/#more-3561\" aria-label=\"M\u00e1s en Soluciones de Transformaci\u00f3n Digital\">Leer m\u00e1s<\/a><\/p>","protected":false},"author":5,"featured_media":0,"parent":0,"menu_order":0,"comment_status":"closed","ping_status":"closed","template":"","meta":{"_eb_attr":"","footnotes":""},"class_list":{"0":"post-3561","1":"page","2":"type-page","3":"status-publish","5":"infinite-scroll-item"},"_links":{"self":[{"href":"https:\/\/hyppo.io\/es\/wp-json\/wp\/v2\/pages\/3561","targetHints":{"allow":["GET"]}}],"collection":[{"href":"https:\/\/hyppo.io\/es\/wp-json\/wp\/v2\/pages"}],"about":[{"href":"https:\/\/hyppo.io\/es\/wp-json\/wp\/v2\/types\/page"}],"author":[{"embeddable":true,"href":"https:\/\/hyppo.io\/es\/wp-json\/wp\/v2\/users\/5"}],"replies":[{"embeddable":true,"href":"https:\/\/hyppo.io\/es\/wp-json\/wp\/v2\/comments?post=3561"}],"version-history":[{"count":30,"href":"https:\/\/hyppo.io\/es\/wp-json\/wp\/v2\/pages\/3561\/revisions"}],"predecessor-version":[{"id":3897,"href":"https:\/\/hyppo.io\/es\/wp-json\/wp\/v2\/pages\/3561\/revisions\/3897"}],"wp:attachment":[{"href":"https:\/\/hyppo.io\/es\/wp-json\/wp\/v2\/media?parent=3561"}],"curies":[{"name":"wp","href":"https:\/\/api.w.org\/{rel}","templated":true}]}}