{"id":3802,"date":"2025-07-22T10:10:56","date_gmt":"2025-07-22T10:10:56","guid":{"rendered":"https:\/\/hyppo.io\/?page_id=3802"},"modified":"2025-11-12T09:07:27","modified_gmt":"2025-11-12T09:07:27","slug":"paid-ads","status":"publish","type":"page","link":"https:\/\/hyppo.io\/es\/paid-ads\/","title":{"rendered":"Anuncios pagados coordinados"},"content":{"rendered":"<div class=\"gb-container gb-container-66aadb18 alignfull\">\n<div class=\"gb-container gb-container-e99e0968\">\n\n<h2 class=\"gb-headline gb-headline-0550a95e gb-headline-text\">Anuncios pagados coordinados<\/h2>\n\n<\/div>\n<\/div>\n\n<article class=\"gb-container gb-container-816a94e9 alignwide\">\n<div class=\"gb-container gb-container-c2af3289\">\n<div class=\"gb-container gb-container-c3f3ee7a\">\n\n<p>La publicidad de pago representa la primera capa crucial de nuestro protocolo integral de crecimiento compuesto. Gestionamos todo el proceso de publicidad de pago y medios de pago, garantizando una ejecuci\u00f3n de primera clase en todas las plataformas autogestionadas. Nuestro enfoque se basa en: <strong>Mentalidad de crecimiento<\/strong>, centr\u00e1ndose en maximizar la efectividad del ciclo de vida del cliente, comenzando con la adquisici\u00f3n.<\/p>\n\n<\/div>\n\n<div class=\"gb-container gb-container-dc818d72\">\n<div class=\"wp-block-image\">\n<figure class=\"aligncenter size-medium is-resized\"><img loading=\"lazy\" decoding=\"async\" width=\"226\" height=\"300\" src=\"https:\/\/hyppo.io\/wp-content\/uploads\/2025\/05\/hyppo_logo_image_background-226x300.png\" alt=\"\" class=\"wp-image-3602\" style=\"width:100px\" srcset=\"https:\/\/hyppo.io\/wp-content\/uploads\/2025\/05\/hyppo_logo_image_background-226x300.png 226w, https:\/\/hyppo.io\/wp-content\/uploads\/2025\/05\/hyppo_logo_image_background-9x12.png 9w, https:\/\/hyppo.io\/wp-content\/uploads\/2025\/05\/hyppo_logo_image_background.png 262w\" sizes=\"auto, (max-width: 226px) 100vw, 226px\" \/><\/figure>\n<\/div>\n\n\n<hr class=\"wp-block-separator has-text-color has-base-color has-alpha-channel-opacity has-base-background-color has-background is-style-default\"\/>\n\n\n<div class=\"gb-container gb-container-d2f16a34\">\n\n<div class=\"wp-block-group has-base-2-background-color has-background\" style=\"border-radius:10px;font-size:1rem\" data-aos=\"fade-up\"><div class=\"wp-block-group__inner-container is-layout-constrained wp-block-group-is-layout-constrained\">\n<h3 class=\"gb-headline gb-headline-bae6663d gb-headline-text\"><strong><strong>An\u00e1lisis y perspectivas exhaustivas<\/strong><\/strong><\/h3>\n\n\n\n<p>Comenzamos con un an\u00e1lisis exhaustivo de su presencia online actual, sus procesos de venta y sus herramientas tecnol\u00f3gicas. Esto nos permite comprender a fondo sus retos y oportunidades, garantizando que nuestra estrategia propuesta se ajuste a sus necesidades espec\u00edficas.<\/p>\n<\/div><\/div>\n\n\n\n<div class=\"wp-block-group has-global-color-10-background-color has-background\" style=\"border-radius:10px;font-size:1rem\" data-aos=\"fade-up\"><div class=\"wp-block-group__inner-container is-layout-constrained wp-block-group-is-layout-constrained\">\n<h3 class=\"gb-headline gb-headline-adce07b4 gb-headline-text\">Estrategias de marketing de pago personalizadas<\/h3>\n\n\n\n<p class=\"has-base-2-color has-text-color\">En funci\u00f3n de nuestros hallazgos, crearemos una estrategia integral de marketing de pago que aproveche los canales y plataformas m\u00e1s eficaces para llegar a su p\u00fablico objetivo. <\/p>\n\n\n\n<p class=\"has-base-2-color has-text-color\">Esto incluye campa\u00f1as espec\u00edficas sobre:<br>\u2013 motor de b\u00fasqueda (Google)<br>\u2013 redes sociales (Meta, TikTok y LinkedIn)<br>\u2013 publicidad program\u00e1tica<br>\u2013 y m\u00e1s<\/p>\n<\/div><\/div>\n\n\n\n<div class=\"wp-block-group has-orange-light-background-color has-background\" style=\"border-radius:10px;font-size:1rem\" data-aos=\"fade-up\"><div class=\"wp-block-group__inner-container is-layout-constrained wp-block-group-is-layout-constrained\">\n<h3 class=\"gb-headline gb-headline-b94667ce gb-headline-text\">Integraci\u00f3n y optimizaci\u00f3n perfectas<\/h3>\n\n\n\n<p>Nos aseguraremos de que sus esfuerzos de marketing de pago se integren a la perfecci\u00f3n con su infraestructura tecnol\u00f3gica actual. Nuestro equipo supervisar\u00e1 y optimizar\u00e1 continuamente sus campa\u00f1as para maximizar su eficacia y el retorno de la inversi\u00f3n.<br><br>Una coordinaci\u00f3n rigurosa garantiza la sincronizaci\u00f3n en tres \u00e1reas cr\u00edticas:<br>\u2013 <strong>Misma mensajer\u00eda:<\/strong> Garantizar la coherencia de la marca en todas las plataformas<br>\u2013 <strong>Focalizaci\u00f3n coordinada:<\/strong> Sincronizaci\u00f3n de la estrategia de audiencia<br>\u2013 <strong>Datos compartidos:<\/strong> Utilizar informaci\u00f3n unificada en todas las campa\u00f1as<\/p>\n<\/div><\/div>\n\n\n\n<div class=\"wp-block-group has-base-2-background-color has-background\" style=\"border-radius:10px;font-size:1rem\" data-aos=\"fade-up\"><div class=\"wp-block-group__inner-container is-layout-constrained wp-block-group-is-layout-constrained\">\n<h3 class=\"gb-headline gb-headline-80d925e5 gb-headline-text\"><strong><strong>Resultados medibles e informes<\/strong><\/strong><\/h3>\n\n\n\n<p>Durante todo el proceso, le proporcionaremos informes de rendimiento detallados que le permitir\u00e1n evaluar el impacto de nuestra estrategia de marketing de pago. Nuestro objetivo es ayudarle a obtener resultados tangibles, como un mayor tr\u00e1fico web, tasas de conversi\u00f3n m\u00e1s altas y clientes potenciales m\u00e1s cualificados.<\/p>\n<\/div><\/div>\n\n\n\n<div class=\"wp-block-group has-global-color-10-background-color has-background\" style=\"border-radius:10px;font-size:1rem\" data-aos=\"fade-up\"><div class=\"wp-block-group__inner-container is-layout-constrained wp-block-group-is-layout-constrained\">\n<h3 class=\"gb-headline gb-headline-41a7ecab gb-headline-text\">Colabora con los expertos<\/h3>\n\n\n\n<p class=\"has-base-2-color has-text-color\">No desaproveches el potencial digital de tu negocio. Cont\u00e1ctanos hoy para descubrir c\u00f3mo nuestra estrategia de marketing de pago personalizada puede potenciar tu presencia online e impulsar un crecimiento sostenible.<\/p>\n<\/div><\/div>\n\n<\/div>\n<\/div>\n<\/div>\n<\/article>\n\n\n<p><\/p>","protected":false},"excerpt":{"rendered":"<p>Anuncios de Pago Coordinados. Los anuncios de pago representan la primera capa crucial de nuestro protocolo de crecimiento compuesto. Gestionamos la totalidad de la gesti\u00f3n de anuncios de pago y medios de pago, brindando soporte de primera clase... <\/p>\n<p class=\"read-more-container\"><a title=\"Anuncios pagados coordinados\" class=\"read-more button\" href=\"https:\/\/hyppo.io\/es\/paid-ads\/#more-3802\" aria-label=\"M\u00e1s en Anuncios pagados coordinados\">Leer m\u00e1s<\/a><\/p>","protected":false},"author":5,"featured_media":0,"parent":0,"menu_order":0,"comment_status":"closed","ping_status":"closed","template":"","meta":{"_eb_attr":"","footnotes":""},"class_list":{"0":"post-3802","1":"page","2":"type-page","3":"status-publish","5":"infinite-scroll-item"},"_links":{"self":[{"href":"https:\/\/hyppo.io\/es\/wp-json\/wp\/v2\/pages\/3802","targetHints":{"allow":["GET"]}}],"collection":[{"href":"https:\/\/hyppo.io\/es\/wp-json\/wp\/v2\/pages"}],"about":[{"href":"https:\/\/hyppo.io\/es\/wp-json\/wp\/v2\/types\/page"}],"author":[{"embeddable":true,"href":"https:\/\/hyppo.io\/es\/wp-json\/wp\/v2\/users\/5"}],"replies":[{"embeddable":true,"href":"https:\/\/hyppo.io\/es\/wp-json\/wp\/v2\/comments?post=3802"}],"version-history":[{"count":2,"href":"https:\/\/hyppo.io\/es\/wp-json\/wp\/v2\/pages\/3802\/revisions"}],"predecessor-version":[{"id":4251,"href":"https:\/\/hyppo.io\/es\/wp-json\/wp\/v2\/pages\/3802\/revisions\/4251"}],"wp:attachment":[{"href":"https:\/\/hyppo.io\/es\/wp-json\/wp\/v2\/media?parent=3802"}],"curies":[{"name":"wp","href":"https:\/\/api.w.org\/{rel}","templated":true}]}}