{"id":3804,"date":"2025-07-22T10:22:30","date_gmt":"2025-07-22T10:22:30","guid":{"rendered":"https:\/\/hyppo.io\/?page_id=3804"},"modified":"2025-11-12T09:11:07","modified_gmt":"2025-11-12T09:11:07","slug":"growth-automation-strategy","status":"publish","type":"page","link":"https:\/\/hyppo.io\/es\/growth-automation-strategy\/","title":{"rendered":"Estrategias de Marketing Automation"},"content":{"rendered":"<div class=\"gb-container gb-container-66aadb18 alignfull\">\n<div class=\"gb-container gb-container-e99e0968\">\n\n<h2 class=\"gb-headline gb-headline-0550a95e gb-headline-text\"><strong>Estrategias de Marketing Automation<\/strong><\/h2>\n\n<\/div>\n<\/div>\n\n<article class=\"gb-container gb-container-816a94e9 alignwide\">\n<div class=\"gb-container gb-container-c2af3289\">\n<div class=\"gb-container gb-container-c3f3ee7a\">\n\n<p>En Hyppo, dise\u00f1amos y ejecutamos <strong>crecimiento del embudo completo<\/strong> estrategias. Unificamos sus datos de clientes, automatizamos la comunicaci\u00f3n en todos los canales (tanto online como offline) y le ofrecemos una visi\u00f3n clara de su retorno de inversi\u00f3n. <\/p>\n\n\n\n<p>Deja de gestionar <strong>aislado<\/strong> Utilice las herramientas y comience a orquestar una experiencia de cliente unificada que impulse sus resultados.<\/p>\n\n<\/div>\n\n<div class=\"gb-container gb-container-dc818d72\">\n<div class=\"wp-block-image\">\n<figure class=\"aligncenter size-medium is-resized\"><img loading=\"lazy\" decoding=\"async\" width=\"226\" height=\"300\" src=\"https:\/\/hyppo.io\/wp-content\/uploads\/2025\/05\/hyppo_logo_image_background-226x300.png\" alt=\"\" class=\"wp-image-3602\" style=\"width:100px\" srcset=\"https:\/\/hyppo.io\/wp-content\/uploads\/2025\/05\/hyppo_logo_image_background-226x300.png 226w, https:\/\/hyppo.io\/wp-content\/uploads\/2025\/05\/hyppo_logo_image_background-9x12.png 9w, https:\/\/hyppo.io\/wp-content\/uploads\/2025\/05\/hyppo_logo_image_background.png 262w\" sizes=\"auto, (max-width: 226px) 100vw, 226px\" \/><\/figure>\n<\/div>\n\n\n<hr class=\"wp-block-separator has-text-color has-base-color has-alpha-channel-opacity has-base-background-color has-background is-style-default\"\/>\n\n\n<div class=\"gb-container gb-container-d2f16a34\">\n\n<div class=\"wp-block-group has-base-2-background-color has-background\" style=\"border-radius:10px;font-size:1rem\" data-aos=\"fade-up\"><div class=\"wp-block-group__inner-container is-layout-constrained wp-block-group-is-layout-constrained\">\n<h3 class=\"gb-headline gb-headline-bae6663d gb-headline-text\"><strong><strong><strong>El desaf\u00edo: canales desconectados, oportunidades perdidas<\/strong><\/strong><\/strong><\/h3>\n\n\n\n<p>\u00bfTu marketing se siente...? <strong>fragmentado<\/strong>Es un problema com\u00fan. Los datos de tus clientes se encuentran en <strong>silos<\/strong>, Las campa\u00f1as de correo electr\u00f3nico no se sincronizan con las interacciones de chat web, y es casi imposible. <strong>imposible<\/strong> para saber si una campa\u00f1a de WhatsApp realmente gener\u00f3 una venta en tu tienda f\u00edsica.<\/p>\n\n\n\n<p>El resultado es una experiencia del cliente deficiente y un presupuesto de marketing que se diluye en esfuerzos que no se pueden medir con precisi\u00f3n.<\/p>\n<\/div><\/div>\n\n\n\n<div class=\"wp-block-group has-base-2-color has-global-color-10-background-color has-text-color has-background has-link-color wp-elements-86f2741d38d2a4a5a1a02c13a68ceb51\" style=\"border-radius:10px;font-size:1rem\" data-aos=\"fade-up\"><div class=\"wp-block-group__inner-container is-layout-constrained wp-block-group-is-layout-constrained\">\n<h3 class=\"gb-headline gb-headline-adce07b4 gb-headline-text\"><strong>Nuestra soluci\u00f3n: una estrategia de crecimiento unificada<\/strong><\/h3>\n\n\n\n<p class=\"has-base-2-color has-text-color\">Te ayudamos a construir y operar una m\u00e1quina de crecimiento personalizada, independientemente de tu sector. Nuestra metodolog\u00eda se basa en tres pilares fundamentales: <strong>Cliente.io<\/strong> como el cerebro central.<\/p>\n\n\n\n<h4 class=\"wp-block-heading has-base-2-color has-text-color has-link-color wp-elements-e40d2e96cbc28c655289195456be8b15\"><strong>1. La Fundaci\u00f3n: Su Plataforma de Datos de Clientes (CDP)<\/strong><\/h4>\n\n\n\n<p><strong>Desarrollado por Customer.io<\/strong><\/p>\n\n\n\n<p>Todo comienza con una \u00fanica fuente de verdad. Implementamos y gestionamos <strong>Cliente.io<\/strong>, una plataforma de datos de clientes (CDP) l\u00edder, para unificar cada interacci\u00f3n del usuario (clics en el sitio web, correos electr\u00f3nicos abiertos, compras, mensajes de chat) en un perfil de cliente de 360\u00b0.<\/p>\n\n\n\n<ul class=\"wp-block-list\">\n<li><strong>Vista completa:<\/strong> Comprenda todo el recorrido de cada cliente.<\/li>\n\n\n\n<li><strong>Segmentaci\u00f3n avanzada:<\/strong> Cree audiencias din\u00e1micas basadas en el comportamiento en tiempo real.<\/li>\n\n\n\n<li><strong>Datos procesables:<\/strong> Convierta sus datos \u201cdormidos\u201d en combustible para sus campa\u00f1as.<\/li>\n<\/ul>\n\n\n\n<h4 class=\"wp-block-heading has-base-2-color has-text-color has-link-color wp-elements-3d07d5d7489b209ead4f721788e5c777\"><strong><strong>2. La conversaci\u00f3n: Automatizaci\u00f3n omnicanal inteligente<\/strong><\/strong><\/h4>\n\n\n\n<p class=\"has-base-2-color has-text-color has-link-color wp-elements-c6ef7f41a9c631220cc0386eb7d8ae19\"><strong>Llega a tus clientes en el canal adecuado, con el mensaje perfecto, en el momento preciso. Organizamos campa\u00f1as automatizadas que se sienten personales y relevantes.<\/strong><\/p>\n\n\n\n<ul class=\"wp-block-list\">\n<li><strong>Marketing por correo electr\u00f3nico:<\/strong> Secuencias de nutrici\u00f3n, recuperaci\u00f3n de carritos abandonados y campa\u00f1as de fidelizaci\u00f3n que realmente convierten.<\/li>\n\n\n\n<li><strong>WhatsApp:<\/strong> Comunicaciones transaccionales, soporte proactivo y campa\u00f1as de marketing directo con tasas de apertura superiores a 90%.<\/li>\n\n\n\n<li><strong>Webchat y chatbots:<\/strong> Soporte instant\u00e1neo, captura de leads calificados y orientaci\u00f3n al usuario en su sitio web, 24\/7.<\/li>\n<\/ul>\n\n\n\n<h4 class=\"wp-block-heading has-base-2-color has-text-color has-link-color wp-elements-eb67acb7eb1b80c4918ee999fd6a7e61\"><strong><strong>3. El impacto real: seguimiento de conversiones offline<\/strong><\/strong><\/h4>\n\n\n\n<p>Conecte sus esfuerzos digitales con resultados reales. Reducimos la brecha entre la interacci\u00f3n online y las acciones offline, permiti\u00e9ndole medir c\u00f3mo una campa\u00f1a de email marketing se traduce en visitas a su tienda o llamadas a su equipo de ventas.<\/p>\n\n\n\n<ul class=\"wp-block-list\">\n<li><strong>Optimiza tu estrategia<\/strong> basado en una visi\u00f3n completa del embudo del cliente.<\/li>\n\n\n\n<li><strong>Atribuir ventas f\u00edsicas<\/strong> a campa\u00f1as digitales espec\u00edficas.<\/li>\n\n\n\n<li><strong>Comprenda el verdadero ROI<\/strong> de su gasto en marketing.<\/li>\n<\/ul>\n<\/div><\/div>\n\n\n\n<div class=\"wp-block-group has-orange-light-background-color has-background\" style=\"border-radius:10px;font-size:1rem\" data-aos=\"fade-up\"><div class=\"wp-block-group__inner-container is-layout-constrained wp-block-group-is-layout-constrained\">\n<h3 class=\"gb-headline gb-headline-b94667ce gb-headline-text\"><strong><strong>Somos su socio estrat\u00e9gico, no s\u00f3lo un proveedor.<\/strong><\/strong><\/h3>\n\n\n\n<p>Implementar tecnolog\u00eda es f\u00e1cil. Desarrollar una estrategia que impulse el crecimiento es lo dif\u00edcil. Nos centramos en sus objetivos de negocio, no solo en la implementaci\u00f3n de software.<\/p>\n<\/div><\/div>\n\n\n\n<h2 class=\"wp-block-heading\"><strong>\u00bfEst\u00e1 listo para crear una experiencia de cliente que impulse el crecimiento?<\/strong><\/h2>\n\n\n\n<p>Descubra el potencial oculto de sus datos. Hablemos de c\u00f3mo una estrategia unificada y automatizada puede transformar su negocio.<\/p>\n\n<\/div>\n<\/div>\n<\/div>\n<\/article>","protected":false},"excerpt":{"rendered":"<p>Estrategia de Automatizaci\u00f3n del Crecimiento. En Hyppo, dise\u00f1amos y ejecutamos estrategias de crecimiento integrales. Unificamos los datos de tus clientes, automatizamos la comunicaci\u00f3n en todos los canales (tanto online como offline) y te ofrecemos... <\/p>\n<p class=\"read-more-container\"><a title=\"Estrategias de Marketing Automation\" class=\"read-more button\" href=\"https:\/\/hyppo.io\/es\/growth-automation-strategy\/#more-3804\" aria-label=\"M\u00e1s en Estrategia de automatizaci\u00f3n del crecimiento\">Leer m\u00e1s<\/a><\/p>","protected":false},"author":5,"featured_media":0,"parent":0,"menu_order":0,"comment_status":"closed","ping_status":"closed","template":"","meta":{"_eb_attr":"","footnotes":""},"class_list":{"0":"post-3804","1":"page","2":"type-page","3":"status-publish","5":"infinite-scroll-item"},"_links":{"self":[{"href":"https:\/\/hyppo.io\/es\/wp-json\/wp\/v2\/pages\/3804","targetHints":{"allow":["GET"]}}],"collection":[{"href":"https:\/\/hyppo.io\/es\/wp-json\/wp\/v2\/pages"}],"about":[{"href":"https:\/\/hyppo.io\/es\/wp-json\/wp\/v2\/types\/page"}],"author":[{"embeddable":true,"href":"https:\/\/hyppo.io\/es\/wp-json\/wp\/v2\/users\/5"}],"replies":[{"embeddable":true,"href":"https:\/\/hyppo.io\/es\/wp-json\/wp\/v2\/comments?post=3804"}],"version-history":[{"count":1,"href":"https:\/\/hyppo.io\/es\/wp-json\/wp\/v2\/pages\/3804\/revisions"}],"predecessor-version":[{"id":4253,"href":"https:\/\/hyppo.io\/es\/wp-json\/wp\/v2\/pages\/3804\/revisions\/4253"}],"wp:attachment":[{"href":"https:\/\/hyppo.io\/es\/wp-json\/wp\/v2\/media?parent=3804"}],"curies":[{"name":"wp","href":"https:\/\/api.w.org\/{rel}","templated":true}]}}