{"id":4468,"date":"2026-03-13T06:42:32","date_gmt":"2026-03-13T06:42:32","guid":{"rendered":"https:\/\/hyppo.io\/?page_id=4468"},"modified":"2026-03-17T07:24:20","modified_gmt":"2026-03-17T07:24:20","slug":"customer-io-tracker-for-tiendanube","status":"publish","type":"page","link":"https:\/\/hyppo.io\/es\/customer-io-tracker-for-tiendanube\/","title":{"rendered":"Customer.io Tracker para Tiendanube"},"content":{"rendered":"<p>Integra Customer.io en tu tienda Tiendanube en minutos. La aplicaci\u00f3n instala autom\u00e1ticamente un script de seguimiento que registra las visitas a la p\u00e1gina, identifica a los clientes y captura clientes potenciales a trav\u00e9s de formularios.<\/p>\n\n\n\n<hr class=\"wp-block-separator has-alpha-channel-opacity\"\/>\n\n\n\n<h2 class=\"wp-block-heading\">Instalaci\u00f3n<\/h2>\n\n\n\n<ol class=\"wp-block-list\">\n<li>Desde tu panel de control de Tiendanube, ve a&nbsp;<strong>Mis aplicaciones<\/strong><\/li>\n\n\n\n<li>Buscar&nbsp;<strong>Rastreador de Customer.io<\/strong>&nbsp;e instala la aplicaci\u00f3n<\/li>\n\n\n\n<li>Acepte los permisos; se le redirigir\u00e1 autom\u00e1ticamente al panel de configuraci\u00f3n.<\/li>\n<\/ol>\n\n\n\n<hr class=\"wp-block-separator has-alpha-channel-opacity\"\/>\n\n\n\n<h2 class=\"wp-block-heading\" id=\"Settings\">Ajustes<\/h2>\n\n\n\n<p>Una vez instalada, abre la aplicaci\u00f3n desde tu panel de control de Tiendanube y completa los siguientes campos:<\/p>\n\n\n\n<div class=\"wp-block-essential-blocks-advanced-image  root-eb-advanced-image-7nq10\"><div class=\"eb-parent-wrapper eb-parent-eb-advanced-image-7nq10\"><figure class=\"eb-advanced-image-wrapper eb-advanced-image-7nq10 no-effect\" data-id=\"eb-advanced-image-7nq10\"><div class=\"eb-image-wrapper\"><div class=\"eb-image-wrapper-inner eb-img-style-rounded\"><img decoding=\"async\" src=\"https:\/\/hyppo.io\/wp-content\/uploads\/2026\/03\/Tiendanube-administrador-2026-03-17_07_47.png\" alt=\"\"\/><\/div><\/div><\/figure><\/div><\/div>\n\n\n\n<h3 class=\"wp-block-heading\" id=\"Write-Key-required\">Escribir clave (obligatorio)<\/h3>\n\n\n\n<p>Esta es la clave que conecta tu tienda con tu cuenta de Customer.io.<\/p>\n\n\n\n<p><strong>C\u00f3mo conseguirlo:<\/strong><\/p>\n\n\n\n<p>1. Inicie sesi\u00f3n en su cuenta en\u00a0<a href=\"https:\/\/customer.io\/\">customer.io<\/a> y <\/p>\n\n\n\n<p>2. Ve a <strong>Integraciones<\/strong> <strong>-><\/strong> <strong>Agregar integraci\u00f3n<\/strong><\/p>\n\n\n<div class=\"wp-block-image\">\n<figure class=\"aligncenter size-large is-resized\"><img loading=\"lazy\" decoding=\"async\" width=\"1024\" height=\"590\" src=\"https:\/\/hyppo.io\/wp-content\/uploads\/2026\/03\/image-2-1024x590.png\" alt=\"\" class=\"wp-image-4491\" style=\"aspect-ratio:1.7356208422191808;width:658px;height:auto\" srcset=\"https:\/\/hyppo.io\/wp-content\/uploads\/2026\/03\/image-2-1024x590.png 1024w, https:\/\/hyppo.io\/wp-content\/uploads\/2026\/03\/image-2-300x173.png 300w, https:\/\/hyppo.io\/wp-content\/uploads\/2026\/03\/image-2-768x442.png 768w, https:\/\/hyppo.io\/wp-content\/uploads\/2026\/03\/image-2-18x10.png 18w, https:\/\/hyppo.io\/wp-content\/uploads\/2026\/03\/image-2.png 1434w\" sizes=\"auto, (max-width: 1024px) 100vw, 1024px\" \/><\/figure>\n<\/div>\n\n\n<p>3. Ve a\u00a0<strong>Agregar integraci\u00f3n \u2192 Fuentes \u2192 JavaScript<\/strong><\/p>\n\n\n<div class=\"wp-block-image\">\n<figure class=\"aligncenter size-large is-resized\"><img loading=\"lazy\" decoding=\"async\" width=\"1024\" height=\"590\" src=\"https:\/\/hyppo.io\/wp-content\/uploads\/2026\/03\/image-3-1024x590.png\" alt=\"\" class=\"wp-image-4492\" style=\"aspect-ratio:1.7356208422191808;width:684px;height:auto\" srcset=\"https:\/\/hyppo.io\/wp-content\/uploads\/2026\/03\/image-3-1024x590.png 1024w, https:\/\/hyppo.io\/wp-content\/uploads\/2026\/03\/image-3-300x173.png 300w, https:\/\/hyppo.io\/wp-content\/uploads\/2026\/03\/image-3-768x442.png 768w, https:\/\/hyppo.io\/wp-content\/uploads\/2026\/03\/image-3-18x10.png 18w, https:\/\/hyppo.io\/wp-content\/uploads\/2026\/03\/image-3.png 1434w\" sizes=\"auto, (max-width: 1024px) 100vw, 1024px\" \/><\/figure>\n<\/div>\n\n\n<p>4. Haz clic en el bot\u00f3n <strong>Guardar y completar m\u00e1s tarde<\/strong><\/p>\n\n\n<div class=\"wp-block-image\">\n<figure class=\"aligncenter size-large is-resized\"><img loading=\"lazy\" decoding=\"async\" width=\"1024\" height=\"590\" src=\"https:\/\/hyppo.io\/wp-content\/uploads\/2026\/03\/image-5-1024x590.png\" alt=\"\" class=\"wp-image-4494\" style=\"aspect-ratio:1.7361181864493123;width:696px;height:auto\" srcset=\"https:\/\/hyppo.io\/wp-content\/uploads\/2026\/03\/image-5-1024x590.png 1024w, https:\/\/hyppo.io\/wp-content\/uploads\/2026\/03\/image-5-300x173.png 300w, https:\/\/hyppo.io\/wp-content\/uploads\/2026\/03\/image-5-768x442.png 768w, https:\/\/hyppo.io\/wp-content\/uploads\/2026\/03\/image-5-18x10.png 18w, https:\/\/hyppo.io\/wp-content\/uploads\/2026\/03\/image-5.png 1434w\" sizes=\"auto, (max-width: 1024px) 100vw, 1024px\" \/><\/figure>\n<\/div>\n\n<div class=\"wp-block-image\">\n<figure class=\"aligncenter size-large is-resized\"><img loading=\"lazy\" decoding=\"async\" width=\"1024\" height=\"590\" src=\"https:\/\/hyppo.io\/wp-content\/uploads\/2026\/03\/image-8-1024x590.png\" alt=\"\" class=\"wp-image-4497\" style=\"aspect-ratio:1.7356208422191808;width:696px;height:auto\" srcset=\"https:\/\/hyppo.io\/wp-content\/uploads\/2026\/03\/image-8-1024x590.png 1024w, https:\/\/hyppo.io\/wp-content\/uploads\/2026\/03\/image-8-300x173.png 300w, https:\/\/hyppo.io\/wp-content\/uploads\/2026\/03\/image-8-768x442.png 768w, https:\/\/hyppo.io\/wp-content\/uploads\/2026\/03\/image-8-18x10.png 18w, https:\/\/hyppo.io\/wp-content\/uploads\/2026\/03\/image-8.png 1434w\" sizes=\"auto, (max-width: 1024px) 100vw, 1024px\" \/><\/figure>\n<\/div>\n\n\n<p>5. <strong>Abierto<\/strong> la nueva conexi\u00f3n de JavaScript<\/p>\n\n\n<div class=\"wp-block-image\">\n<figure class=\"aligncenter size-large is-resized\"><img loading=\"lazy\" decoding=\"async\" width=\"1024\" height=\"590\" src=\"https:\/\/hyppo.io\/wp-content\/uploads\/2026\/03\/image-10-1024x590.png\" alt=\"\" class=\"wp-image-4499\" style=\"aspect-ratio:1.7361181864493123;width:700px;height:auto\" srcset=\"https:\/\/hyppo.io\/wp-content\/uploads\/2026\/03\/image-10-1024x590.png 1024w, https:\/\/hyppo.io\/wp-content\/uploads\/2026\/03\/image-10-300x173.png 300w, https:\/\/hyppo.io\/wp-content\/uploads\/2026\/03\/image-10-768x442.png 768w, https:\/\/hyppo.io\/wp-content\/uploads\/2026\/03\/image-10-18x10.png 18w, https:\/\/hyppo.io\/wp-content\/uploads\/2026\/03\/image-10.png 1434w\" sizes=\"auto, (max-width: 1024px) 100vw, 1024px\" \/><\/figure>\n<\/div>\n\n\n<p>6. Copia el\u00a0<strong>Write Key<\/strong><\/p>\n\n\n<div class=\"wp-block-image\">\n<figure class=\"aligncenter size-large is-resized\"><img loading=\"lazy\" decoding=\"async\" width=\"1024\" height=\"581\" src=\"https:\/\/hyppo.io\/wp-content\/uploads\/2026\/03\/image-12-1024x581.png\" alt=\"\" class=\"wp-image-4501\" style=\"aspect-ratio:1.7624927273902644;width:704px;height:auto\" srcset=\"https:\/\/hyppo.io\/wp-content\/uploads\/2026\/03\/image-12-1024x581.png 1024w, https:\/\/hyppo.io\/wp-content\/uploads\/2026\/03\/image-12-300x170.png 300w, https:\/\/hyppo.io\/wp-content\/uploads\/2026\/03\/image-12-768x435.png 768w, https:\/\/hyppo.io\/wp-content\/uploads\/2026\/03\/image-12-18x10.png 18w, https:\/\/hyppo.io\/wp-content\/uploads\/2026\/03\/image-12.png 1457w\" sizes=\"auto, (max-width: 1024px) 100vw, 1024px\" \/><\/figure>\n<\/div>\n\n\n<ol class=\"wp-block-list\"><\/ol>\n\n\n\n<p>7. Inserte la clave API en <strong>Aplicaci\u00f3n Tiendanube<\/strong><\/p>\n\n\n<div class=\"wp-block-image\">\n<figure class=\"aligncenter size-large is-resized\"><img loading=\"lazy\" decoding=\"async\" width=\"1024\" height=\"581\" src=\"https:\/\/hyppo.io\/wp-content\/uploads\/2026\/03\/image-14-1024x581.png\" alt=\"\" class=\"wp-image-4503\" style=\"aspect-ratio:1.7624927273902644;width:710px;height:auto\" srcset=\"https:\/\/hyppo.io\/wp-content\/uploads\/2026\/03\/image-14-1024x581.png 1024w, https:\/\/hyppo.io\/wp-content\/uploads\/2026\/03\/image-14-300x170.png 300w, https:\/\/hyppo.io\/wp-content\/uploads\/2026\/03\/image-14-768x435.png 768w, https:\/\/hyppo.io\/wp-content\/uploads\/2026\/03\/image-14-18x10.png 18w, https:\/\/hyppo.io\/wp-content\/uploads\/2026\/03\/image-14.png 1457w\" sizes=\"auto, (max-width: 1024px) 100vw, 1024px\" \/><\/figure>\n<\/div>\n\n\n<p><\/p>\n\n\n\n<h3 class=\"wp-block-heading\">Dominio personalizado (opcional)<\/h3>\n\n\n\n<p>Permite que las llamadas de seguimiento pasen por su propio dominio en lugar de&nbsp;<code>cdp.customer.io<\/code>. \u00datil para sortear los bloqueadores de anuncios.<\/p>\n\n\n\n<p><strong>C\u00f3mo configurarlo:<\/strong> Ver el <a href=\"https:\/\/docs.customer.io\/integrations\/data-in\/connections\/javascript\/js-source-proxy\/\">documentaci\u00f3n oficial<\/a><\/p>\n\n\n\n<h3 class=\"wp-block-heading\">Habilitar el acceso an\u00f3nimo dentro de la aplicaci\u00f3n (opcional)<\/h3>\n\n\n\n<p>Permite el env\u00edo de mensajes dentro de la aplicaci\u00f3n Customer.io a visitantes an\u00f3nimos (no identificados).<\/p>\n\n\n\n<p>Ver el <a href=\"https:\/\/docs.customer.io\/journeys\/anonymous-people\/#anonymous-in-app\" data-type=\"link\" data-id=\"https:\/\/docs.customer.io\/journeys\/anonymous-people\/#anonymous-in-app\">documentaci\u00f3n oficial<\/a><\/p>\n\n\n\n<p><\/p>","protected":false},"excerpt":{"rendered":"<p>Integrate Customer.io into your Tiendanube store in minutes. The app automatically installs a tracking script that records page views, identifies customers, and captures leads from forms. Installation Settings Once installed, &#8230; <\/p>\n<p class=\"read-more-container\"><a title=\"Customer.io Tracker para Tiendanube\" class=\"read-more button\" href=\"https:\/\/hyppo.io\/es\/customer-io-tracker-for-tiendanube\/#more-4468\" aria-label=\"M\u00e1s en Customer.io Tracker for Tiendanube\">Leer m\u00e1s<\/a><\/p>","protected":false},"author":5,"featured_media":0,"parent":0,"menu_order":0,"comment_status":"closed","ping_status":"closed","template":"","meta":{"_eb_attr":"","footnotes":""},"class_list":{"0":"post-4468","1":"page","2":"type-page","3":"status-publish","5":"infinite-scroll-item"},"_links":{"self":[{"href":"https:\/\/hyppo.io\/es\/wp-json\/wp\/v2\/pages\/4468","targetHints":{"allow":["GET"]}}],"collection":[{"href":"https:\/\/hyppo.io\/es\/wp-json\/wp\/v2\/pages"}],"about":[{"href":"https:\/\/hyppo.io\/es\/wp-json\/wp\/v2\/types\/page"}],"author":[{"embeddable":true,"href":"https:\/\/hyppo.io\/es\/wp-json\/wp\/v2\/users\/5"}],"replies":[{"embeddable":true,"href":"https:\/\/hyppo.io\/es\/wp-json\/wp\/v2\/comments?post=4468"}],"version-history":[{"count":12,"href":"https:\/\/hyppo.io\/es\/wp-json\/wp\/v2\/pages\/4468\/revisions"}],"predecessor-version":[{"id":4508,"href":"https:\/\/hyppo.io\/es\/wp-json\/wp\/v2\/pages\/4468\/revisions\/4508"}],"wp:attachment":[{"href":"https:\/\/hyppo.io\/es\/wp-json\/wp\/v2\/media?parent=4468"}],"curies":[{"name":"wp","href":"https:\/\/api.w.org\/{rel}","templated":true}]}}