{"id":78,"date":"2022-05-10T20:33:06","date_gmt":"2022-05-10T19:33:06","guid":{"rendered":"https:\/\/gp-inbound.wordifysites.com\/?page_id=78"},"modified":"2025-11-07T14:11:22","modified_gmt":"2025-11-07T14:11:22","slug":"about-us","status":"publish","type":"page","link":"https:\/\/hyppo.io\/es\/about-us\/","title":{"rendered":"Sobre nosotros"},"content":{"rendered":"<section class=\"gb-container gb-container-0b9a4095\"><div class=\"gb-inside-container\">\n\n<h1 class=\"gb-headline gb-headline-ae368e73 gb-headline-text\">Sobre nosotros<\/h1>\n\n\n\n<div class=\"wp-block-columns is-layout-flex wp-container-core-columns-is-layout-9d6595d7 wp-block-columns-is-layout-flex\">\n<div class=\"wp-block-column is-layout-flow wp-block-column-is-layout-flow\"><div class=\"gb-container gb-container-5ed5f8fb\">\n\n<p>Somos una empresa dedicada a aprovechar los datos para crear estrategias de marketing digital que permitan un crecimiento escalable. Nos especializamos en conectar y poner a su disposici\u00f3n las fuentes de datos para que pueda tomar las decisiones correctas.<\/p>\n\n\n\n<p>Creamos su plataforma de datos de clientes: una ubicaci\u00f3n centralizada donde unificamos todas sus fuentes de datos de clientes, las hacemos accesibles y las actualizamos en tiempo real para permitir una acci\u00f3n eficaz y eficiente.<\/p>\n\n\n\n<p>Desarrollamos estrategias omnicanal para maximizar la efectividad de sus campa\u00f1as de captaci\u00f3n, activaci\u00f3n y fidelizaci\u00f3n de clientes. Le brindamos apoyo en la creaci\u00f3n de la estrategia, la definici\u00f3n de objetivos y la gesti\u00f3n de operaciones.<\/p>\n\n\n\n<p>Te proporcionamos las herramientas para monitorizar las m\u00e9tricas y, si es necesario, te ofrecemos las herramientas para implementar las estrategias.<\/p>\n\n<\/div><\/div>\n\n\n\n<div class=\"wp-block-column is-layout-flow wp-block-column-is-layout-flow\">\n<div class=\"wp-block-group is-layout-grid wp-container-core-group-is-layout-b42c664f wp-block-group-is-layout-grid\"><div class=\"gb-container gb-container-7baf8d80\">\n\n<figure class=\"wp-block-image size-large is-style-rounded wp-duotone-grayscale\"><img decoding=\"async\" src=\"http:\/\/hyppo.io\/wp-content\/uploads\/2024\/08\/uber_baja_002-scaled-e1724219025510-1024x1024.jpg\" alt=\"\"\/><\/figure>\n\n\n\n<p style=\"font-size:1rem\">Nicol\u00e1s \u2013 Experto en crecimiento<\/p>\n\n<\/div>\n\n<div class=\"gb-container gb-container-f4f20ad9\">\n\n<figure class=\"wp-block-image size-large is-style-rounded wp-duotone-grayscale\"><img decoding=\"async\" src=\"http:\/\/hyppo.io\/wp-content\/uploads\/2024\/08\/Pio-Richards-scaled-e1724218990791-1024x1024.jpg\" alt=\"\"\/><\/figure>\n\n\n\n<p style=\"font-size:1rem\">Pio \u2013 Experto remunerado<\/p>\n\n<\/div>\n\n<div class=\"gb-container gb-container-601c27d8\">\n\n<figure class=\"wp-block-image size-full is-style-rounded wp-duotone-grayscale\"><img loading=\"lazy\" decoding=\"async\" width=\"560\" height=\"560\" src=\"https:\/\/hyppo.io\/wp-content\/uploads\/2025\/08\/tomas.jpeg\" alt=\"\" class=\"wp-image-3823\" srcset=\"https:\/\/hyppo.io\/wp-content\/uploads\/2025\/08\/tomas.jpeg 560w, https:\/\/hyppo.io\/wp-content\/uploads\/2025\/08\/tomas-300x300.jpeg 300w, https:\/\/hyppo.io\/wp-content\/uploads\/2025\/08\/tomas-150x150.jpeg 150w, https:\/\/hyppo.io\/wp-content\/uploads\/2025\/08\/tomas-12x12.jpeg 12w\" sizes=\"auto, (max-width: 560px) 100vw, 560px\" \/><\/figure>\n\n\n\n<p style=\"font-size:1rem\">Tom\u00e1s \u2013 Producto y tecnolog\u00eda<\/p>\n\n<\/div>\n\n<div class=\"gb-container gb-container-be479680\">\n\n<figure class=\"wp-block-image size-full wp-duotone-grayscale\"><img loading=\"lazy\" decoding=\"async\" width=\"512\" height=\"512\" src=\"https:\/\/hyppo.io\/wp-content\/uploads\/2025\/08\/man.png\" alt=\"\" class=\"wp-image-3824\" srcset=\"https:\/\/hyppo.io\/wp-content\/uploads\/2025\/08\/man.png 512w, https:\/\/hyppo.io\/wp-content\/uploads\/2025\/08\/man-300x300.png 300w, https:\/\/hyppo.io\/wp-content\/uploads\/2025\/08\/man-150x150.png 150w, https:\/\/hyppo.io\/wp-content\/uploads\/2025\/08\/man-12x12.png 12w\" sizes=\"auto, (max-width: 512px) 100vw, 512px\" \/><\/figure>\n\n\n\n<p style=\"font-size:1rem\">Augusto \u2013 Experto en Crecimiento<\/p>\n\n<\/div>\n\n<div class=\"gb-container gb-container-a1b8db79\">\n\n<figure class=\"wp-block-image size-large is-resized is-style-rounded wp-duotone-grayscale\"><img decoding=\"async\" src=\"http:\/\/hyppo.io\/wp-content\/uploads\/2024\/08\/tomas.jpg\" alt=\"\" style=\"aspect-ratio:1;width:175px;height:auto\"\/><\/figure>\n\n\n\n<p style=\"font-size:1rem\">Nehuen \u2013 Experto en datos<\/p>\n\n<\/div>\n\n<div class=\"gb-container gb-container-704dd423\">\n\n<figure class=\"wp-block-image size-full wp-duotone-grayscale\"><img loading=\"lazy\" decoding=\"async\" width=\"512\" height=\"512\" src=\"https:\/\/hyppo.io\/wp-content\/uploads\/2025\/08\/woman.png\" alt=\"\" class=\"wp-image-3825\" style=\"aspect-ratio:1;object-fit:cover\" srcset=\"https:\/\/hyppo.io\/wp-content\/uploads\/2025\/08\/woman.png 512w, https:\/\/hyppo.io\/wp-content\/uploads\/2025\/08\/woman-300x300.png 300w, https:\/\/hyppo.io\/wp-content\/uploads\/2025\/08\/woman-150x150.png 150w, https:\/\/hyppo.io\/wp-content\/uploads\/2025\/08\/woman-12x12.png 12w\" sizes=\"auto, (max-width: 512px) 100vw, 512px\" \/><\/figure>\n\n\n\n<p style=\"font-size:1rem\">Pilar \u2013 Experta en crecimiento y publicidad de pago<\/p>\n\n<\/div>\n\n<div class=\"gb-container gb-container-adf2baa7\">\n\n<figure class=\"wp-block-image size-full wp-duotone-grayscale\"><img loading=\"lazy\" decoding=\"async\" width=\"512\" height=\"512\" src=\"https:\/\/hyppo.io\/wp-content\/uploads\/2025\/08\/man.png\" alt=\"\" class=\"wp-image-3824\" srcset=\"https:\/\/hyppo.io\/wp-content\/uploads\/2025\/08\/man.png 512w, https:\/\/hyppo.io\/wp-content\/uploads\/2025\/08\/man-300x300.png 300w, https:\/\/hyppo.io\/wp-content\/uploads\/2025\/08\/man-150x150.png 150w, https:\/\/hyppo.io\/wp-content\/uploads\/2025\/08\/man-12x12.png 12w\" sizes=\"auto, (max-width: 512px) 100vw, 512px\" \/><\/figure>\n\n\n\n<p style=\"font-size:1rem\">Henry \u2013 Experto remunerado<\/p>\n\n<\/div>\n\n<div class=\"gb-container gb-container-ae0e2d57\">\n\n<figure class=\"wp-block-image size-full wp-duotone-grayscale\"><img loading=\"lazy\" decoding=\"async\" width=\"512\" height=\"512\" src=\"https:\/\/hyppo.io\/wp-content\/uploads\/2025\/08\/woman.png\" alt=\"\" class=\"wp-image-3825\" srcset=\"https:\/\/hyppo.io\/wp-content\/uploads\/2025\/08\/woman.png 512w, https:\/\/hyppo.io\/wp-content\/uploads\/2025\/08\/woman-300x300.png 300w, https:\/\/hyppo.io\/wp-content\/uploads\/2025\/08\/woman-150x150.png 150w, https:\/\/hyppo.io\/wp-content\/uploads\/2025\/08\/woman-12x12.png 12w\" sizes=\"auto, (max-width: 512px) 100vw, 512px\" \/><\/figure>\n\n\n\n<p style=\"font-size:1rem\">Martu \u2013 Experto remunerado<\/p>\n\n<\/div>\n\n<div class=\"gb-container gb-container-a799d9ad\">\n\n<figure class=\"wp-block-image size-full wp-duotone-grayscale\"><img loading=\"lazy\" decoding=\"async\" width=\"512\" height=\"512\" src=\"https:\/\/hyppo.io\/wp-content\/uploads\/2025\/08\/woman.png\" alt=\"\" class=\"wp-image-3825\" srcset=\"https:\/\/hyppo.io\/wp-content\/uploads\/2025\/08\/woman.png 512w, https:\/\/hyppo.io\/wp-content\/uploads\/2025\/08\/woman-300x300.png 300w, https:\/\/hyppo.io\/wp-content\/uploads\/2025\/08\/woman-150x150.png 150w, https:\/\/hyppo.io\/wp-content\/uploads\/2025\/08\/woman-12x12.png 12w\" sizes=\"auto, (max-width: 512px) 100vw, 512px\" \/><\/figure>\n\n\n\n<p style=\"font-size:1rem\">Tet\u00e9 \u2013 Experto en crecimiento<\/p>\n\n<\/div>\n\n<div class=\"gb-container gb-container-11844ba1\">\n\n<figure class=\"wp-block-image size-full wp-duotone-grayscale\"><img loading=\"lazy\" decoding=\"async\" width=\"512\" height=\"512\" src=\"https:\/\/hyppo.io\/wp-content\/uploads\/2025\/08\/man.png\" alt=\"\" class=\"wp-image-3824\" srcset=\"https:\/\/hyppo.io\/wp-content\/uploads\/2025\/08\/man.png 512w, https:\/\/hyppo.io\/wp-content\/uploads\/2025\/08\/man-300x300.png 300w, https:\/\/hyppo.io\/wp-content\/uploads\/2025\/08\/man-150x150.png 150w, https:\/\/hyppo.io\/wp-content\/uploads\/2025\/08\/man-12x12.png 12w\" sizes=\"auto, (max-width: 512px) 100vw, 512px\" \/><\/figure>\n\n\n\n<p style=\"font-size:1rem\">Alec \u2013 Experto en crecimiento<\/p>\n\n<\/div>\n\n<div class=\"gb-container gb-container-170b369a\">\n\n<figure class=\"wp-block-image size-full wp-duotone-grayscale\"><img loading=\"lazy\" decoding=\"async\" width=\"512\" height=\"512\" src=\"https:\/\/hyppo.io\/wp-content\/uploads\/2025\/08\/woman.png\" alt=\"\" class=\"wp-image-3825\" srcset=\"https:\/\/hyppo.io\/wp-content\/uploads\/2025\/08\/woman.png 512w, https:\/\/hyppo.io\/wp-content\/uploads\/2025\/08\/woman-300x300.png 300w, https:\/\/hyppo.io\/wp-content\/uploads\/2025\/08\/woman-150x150.png 150w, https:\/\/hyppo.io\/wp-content\/uploads\/2025\/08\/woman-12x12.png 12w\" sizes=\"auto, (max-width: 512px) 100vw, 512px\" \/><\/figure>\n\n\n\n<p style=\"font-size:1rem\">Trini \u2013 Experto en crecimiento<\/p>\n\n<\/div>\n\n<div class=\"gb-container gb-container-d21139a2\">\n\n<figure class=\"wp-block-image size-full wp-duotone-grayscale\"><img loading=\"lazy\" decoding=\"async\" width=\"512\" height=\"512\" src=\"https:\/\/hyppo.io\/wp-content\/uploads\/2025\/08\/man.png\" alt=\"\" class=\"wp-image-3824\" srcset=\"https:\/\/hyppo.io\/wp-content\/uploads\/2025\/08\/man.png 512w, https:\/\/hyppo.io\/wp-content\/uploads\/2025\/08\/man-300x300.png 300w, https:\/\/hyppo.io\/wp-content\/uploads\/2025\/08\/man-150x150.png 150w, https:\/\/hyppo.io\/wp-content\/uploads\/2025\/08\/man-12x12.png 12w\" sizes=\"auto, (max-width: 512px) 100vw, 512px\" \/><\/figure>\n\n\n\n<p style=\"font-size:1rem\">Andy \u2013 Experto en crecimiento<\/p>\n\n<\/div>\n\n<div class=\"gb-container gb-container-bc37cd64\">\n\n<figure class=\"wp-block-image size-full wp-duotone-grayscale\"><img loading=\"lazy\" decoding=\"async\" width=\"512\" height=\"512\" src=\"https:\/\/hyppo.io\/wp-content\/uploads\/2025\/08\/man.png\" alt=\"\" class=\"wp-image-3824\" srcset=\"https:\/\/hyppo.io\/wp-content\/uploads\/2025\/08\/man.png 512w, https:\/\/hyppo.io\/wp-content\/uploads\/2025\/08\/man-300x300.png 300w, https:\/\/hyppo.io\/wp-content\/uploads\/2025\/08\/man-150x150.png 150w, https:\/\/hyppo.io\/wp-content\/uploads\/2025\/08\/man-12x12.png 12w\" sizes=\"auto, (max-width: 512px) 100vw, 512px\" \/><\/figure>\n\n\n\n<p style=\"font-size:1rem\">Mariano \u2013 Experto remunerado<\/p>\n\n<\/div><\/div>\n<\/div>\n<\/div>\n\n<\/div><\/section>","protected":false},"excerpt":{"rendered":"<p>Sobre nosotros: Somos una empresa dedicada a aprovechar los datos para crear estrategias de marketing digital que permitan un crecimiento escalable. Nos especializamos en conectar y poner a tu disposici\u00f3n fuentes de datos para que\u2026 <\/p>\n<p class=\"read-more-container\"><a title=\"Sobre nosotros\" class=\"read-more button\" href=\"https:\/\/hyppo.io\/es\/about-us\/#more-78\" aria-label=\"M\u00e1s informaci\u00f3n en Acerca de nosotros\">Leer m\u00e1s<\/a><\/p>","protected":false},"author":5,"featured_media":0,"parent":0,"menu_order":0,"comment_status":"closed","ping_status":"closed","template":"","meta":{"_eb_attr":"","footnotes":""},"class_list":{"0":"post-78","1":"page","2":"type-page","3":"status-publish","5":"infinite-scroll-item"},"_links":{"self":[{"href":"https:\/\/hyppo.io\/es\/wp-json\/wp\/v2\/pages\/78","targetHints":{"allow":["GET"]}}],"collection":[{"href":"https:\/\/hyppo.io\/es\/wp-json\/wp\/v2\/pages"}],"about":[{"href":"https:\/\/hyppo.io\/es\/wp-json\/wp\/v2\/types\/page"}],"author":[{"embeddable":true,"href":"https:\/\/hyppo.io\/es\/wp-json\/wp\/v2\/users\/5"}],"replies":[{"embeddable":true,"href":"https:\/\/hyppo.io\/es\/wp-json\/wp\/v2\/comments?post=78"}],"version-history":[{"count":8,"href":"https:\/\/hyppo.io\/es\/wp-json\/wp\/v2\/pages\/78\/revisions"}],"predecessor-version":[{"id":4247,"href":"https:\/\/hyppo.io\/es\/wp-json\/wp\/v2\/pages\/78\/revisions\/4247"}],"wp:attachment":[{"href":"https:\/\/hyppo.io\/es\/wp-json\/wp\/v2\/media?parent=78"}],"curies":[{"name":"wp","href":"https:\/\/api.w.org\/{rel}","templated":true}]}}